{"id":583,"date":"2021-02-22T11:12:19","date_gmt":"2021-02-22T11:12:19","guid":{"rendered":"https:\/\/nikita.company\/?page_id=583"},"modified":"2021-05-08T18:44:42","modified_gmt":"2021-05-08T18:44:42","slug":"kontakt","status":"publish","type":"page","link":"https:\/\/nikita.company\/de\/kontakt\/","title":{"rendered":"Kontakt"},"content":{"rendered":"<p>[vc_row][vc_column][vc_single_image image=&#8220;868&#8243; img_size=&#8220;full&#8220;][\/vc_column][\/vc_row][vc_row][vc_column width=&#8220;1\/2&#8243;][vc_column_text]<strong>NIKITA ONE<\/strong> ist im J\u00e4nner 2021 in \u00d6sterreich gestartet und beinhaltet alle f\u00fcr das Lizenzierungsverfahren notwendigen Reports. Gerne w\u00fcrden wir mit Ihnen als Pilotkunden <strong>NIKITA ONE<\/strong> auch in Ihrem Land entwickeln. Ihr Vorteil: Sie sagen uns welche Reports Sie ben\u00f6tigen sowie weitere Anforderungen, die wir gerne umsetzen und profitieren zudem von einer 50%igen Preisreduktion.<\/p>\n<p>Interesse ? Bitte nehmen Sie mit uns Kontakt auf! Schreiben Sie uns eine Nachricht via <strong>Kontaktformular<\/strong> oder rufen Sie uns unter <strong>+43 699 1414 7272<\/strong> an.<\/p>\n<p><strong>PS: NIKITA ONE<\/strong> ist mehrsprachig und kann gerne in ihrer Landessprache ausgeliefert werden.[\/vc_column_text][\/vc_column][vc_column width=&#8220;1\/2&#8243;]\n<div class=\"wpcf7 no-js\" id=\"wpcf7-f667-o1\" lang=\"de-DE\" dir=\"ltr\">\n<div class=\"screen-reader-response\"><p role=\"status\" aria-live=\"polite\" aria-atomic=\"true\"><\/p> <ul><\/ul><\/div>\n<form action=\"\/de\/wp-json\/wp\/v2\/pages\/583#wpcf7-f667-o1\" method=\"post\" class=\"wpcf7-form init\" aria-label=\"Kontaktformular\" novalidate=\"novalidate\" data-status=\"init\">\n<div style=\"display: none;\">\n<input type=\"hidden\" name=\"_wpcf7\" value=\"667\" \/>\n<input type=\"hidden\" name=\"_wpcf7_version\" value=\"5.9.8\" \/>\n<input type=\"hidden\" name=\"_wpcf7_locale\" value=\"de_DE\" \/>\n<input type=\"hidden\" name=\"_wpcf7_unit_tag\" value=\"wpcf7-f667-o1\" \/>\n<input type=\"hidden\" name=\"_wpcf7_container_post\" value=\"0\" \/>\n<input type=\"hidden\" name=\"_wpcf7_posted_data_hash\" value=\"\" \/>\n<\/div>\n<p><label><span class=\"wpcf7-form-control-wrap\" data-name=\"your-name\"><input size=\"40\" maxlength=\"400\" class=\"wpcf7-form-control wpcf7-text wpcf7-validates-as-required\" aria-required=\"true\" aria-invalid=\"false\" placeholder=\"Name\" value=\"\" type=\"text\" name=\"your-name\" \/><\/span> <\/label><br \/>\n<label><span class=\"wpcf7-form-control-wrap\" data-name=\"your-email\"><input size=\"40\" maxlength=\"400\" class=\"wpcf7-form-control wpcf7-email wpcf7-validates-as-required wpcf7-text wpcf7-validates-as-email\" aria-required=\"true\" aria-invalid=\"false\" placeholder=\"E-Mail\" value=\"\" type=\"email\" name=\"your-email\" \/><\/span> <\/label><br \/>\n<label><span class=\"wpcf7-form-control-wrap\" data-name=\"your-phone\"><input size=\"40\" maxlength=\"400\" class=\"wpcf7-form-control wpcf7-text wpcf7-validates-as-required\" aria-required=\"true\" aria-invalid=\"false\" placeholder=\"Telefon\" value=\"\" type=\"text\" name=\"your-phone\" \/><\/span> <\/label><br \/>\n<label><span class=\"wpcf7-form-control-wrap\" data-name=\"your-message\"><textarea cols=\"40\" rows=\"10\" maxlength=\"2000\" class=\"wpcf7-form-control wpcf7-textarea\" aria-invalid=\"false\" placeholder=\"Ihre Nachricht\" name=\"your-message\"><\/textarea><\/span> <\/label><br \/>\n<input class=\"wpcf7-form-control wpcf7-submit has-spinner\" type=\"submit\" value=\"SENDEN\" \/>\n<\/p><div class=\"wpcf7-response-output\" aria-hidden=\"true\"><\/div>\n<\/form>\n<\/div>\n[\/vc_column][\/vc_row]<\/p>\n","protected":false},"excerpt":{"rendered":"<p>[vc_row][vc_column][vc_single_image image=&#8220;868&#8243; img_size=&#8220;full&#8220;][\/vc_column][\/vc_row][vc_row][vc_column width=&#8220;1\/2&#8243;][vc_column_text]NIKITA ONE ist im J\u00e4nner 2021 in \u00d6sterreich gestartet und beinhaltet alle f\u00fcr das Lizenzierungsverfahren notwendigen Reports. Gerne w\u00fcrden wir mit Ihnen als Pilotkunden NIKITA ONE auch in Ihrem Land entwickeln. Ihr Vorteil: Sie sagen uns welche [&hellip;]<\/p>\n","protected":false},"author":1,"featured_media":877,"parent":0,"menu_order":0,"comment_status":"closed","ping_status":"closed","template":"","meta":{"footnotes":"","_links_to":"","_links_to_target":""},"class_list":["post-583","page","type-page","status-publish","has-post-thumbnail","hentry"],"yoast_head":"<!-- This site is optimized with the Yoast SEO plugin v23.5 - https:\/\/yoast.com\/wordpress\/plugins\/seo\/ -->\n<title>Kontakt - NIKITA &amp; COMPANY<\/title>\n<meta name=\"robots\" content=\"index, follow, max-snippet:-1, max-image-preview:large, max-video-preview:-1\" \/>\n<link rel=\"canonical\" href=\"https:\/\/nikita.company\/de\/kontakt\/\" \/>\n<meta property=\"og:locale\" content=\"de_DE\" \/>\n<meta property=\"og:type\" content=\"article\" \/>\n<meta property=\"og:title\" content=\"Kontakt - NIKITA &amp; COMPANY\" \/>\n<meta property=\"og:description\" content=\"[vc_row][vc_column][vc_single_image image=&#8220;868&#8243; img_size=&#8220;full&#8220;][\/vc_column][\/vc_row][vc_row][vc_column width=&#8220;1\/2&#8243;][vc_column_text]NIKITA ONE ist im J\u00e4nner 2021 in \u00d6sterreich gestartet und beinhaltet alle f\u00fcr das Lizenzierungsverfahren notwendigen Reports. Gerne w\u00fcrden wir mit Ihnen als Pilotkunden NIKITA ONE auch in Ihrem Land entwickeln. Ihr Vorteil: Sie sagen uns welche [&hellip;]\" \/>\n<meta property=\"og:url\" content=\"https:\/\/nikita.company\/de\/kontakt\/\" \/>\n<meta property=\"og:site_name\" content=\"NIKITA &amp; COMPANY\" \/>\n<meta property=\"article:modified_time\" content=\"2021-05-08T18:44:42+00:00\" \/>\n<meta property=\"og:image\" content=\"https:\/\/nikita.company\/wp-content\/uploads\/2021\/04\/nikita_header_yourcountry_seo.jpg\" \/>\n<meta name=\"twitter:card\" content=\"summary_large_image\" \/>\n<meta name=\"twitter:image\" content=\"https:\/\/nikita.company\/wp-content\/uploads\/2021\/04\/nikita_header_yourcountry_seo.jpg\" \/>\n<meta name=\"twitter:label1\" content=\"Gesch\u00e4tzte Lesezeit\" \/>\n\t<meta name=\"twitter:data1\" content=\"1 Minute\" \/>\n<script type=\"application\/ld+json\" class=\"yoast-schema-graph\">{\"@context\":\"https:\/\/schema.org\",\"@graph\":[{\"@type\":\"WebPage\",\"@id\":\"https:\/\/nikita.company\/de\/kontakt\/\",\"url\":\"https:\/\/nikita.company\/de\/kontakt\/\",\"name\":\"Kontakt - NIKITA &amp; COMPANY\",\"isPartOf\":{\"@id\":\"https:\/\/nikita.company\/#website\"},\"primaryImageOfPage\":{\"@id\":\"https:\/\/nikita.company\/de\/kontakt\/#primaryimage\"},\"image\":{\"@id\":\"https:\/\/nikita.company\/de\/kontakt\/#primaryimage\"},\"thumbnailUrl\":\"https:\/\/nikita.company\/wp-content\/uploads\/2021\/04\/nikita_header_yourcountry_seo.jpg\",\"datePublished\":\"2021-02-22T11:12:19+00:00\",\"dateModified\":\"2021-05-08T18:44:42+00:00\",\"breadcrumb\":{\"@id\":\"https:\/\/nikita.company\/de\/kontakt\/#breadcrumb\"},\"inLanguage\":\"de-DE\",\"potentialAction\":[{\"@type\":\"ReadAction\",\"target\":[\"https:\/\/nikita.company\/de\/kontakt\/\"]}]},{\"@type\":\"ImageObject\",\"inLanguage\":\"de-DE\",\"@id\":\"https:\/\/nikita.company\/de\/kontakt\/#primaryimage\",\"url\":\"https:\/\/nikita.company\/wp-content\/uploads\/2021\/04\/nikita_header_yourcountry_seo.jpg\",\"contentUrl\":\"https:\/\/nikita.company\/wp-content\/uploads\/2021\/04\/nikita_header_yourcountry_seo.jpg\",\"width\":1920,\"height\":1080},{\"@type\":\"BreadcrumbList\",\"@id\":\"https:\/\/nikita.company\/de\/kontakt\/#breadcrumb\",\"itemListElement\":[{\"@type\":\"ListItem\",\"position\":1,\"name\":\"Home\",\"item\":\"https:\/\/nikita.company\/de\/\"},{\"@type\":\"ListItem\",\"position\":2,\"name\":\"Kontakt\"}]},{\"@type\":\"WebSite\",\"@id\":\"https:\/\/nikita.company\/#website\",\"url\":\"https:\/\/nikita.company\/\",\"name\":\"NIKITA &amp; COMPANY\",\"description\":\"Financial Planning Tool for Football Clubs\",\"publisher\":{\"@id\":\"https:\/\/nikita.company\/#organization\"},\"potentialAction\":[{\"@type\":\"SearchAction\",\"target\":{\"@type\":\"EntryPoint\",\"urlTemplate\":\"https:\/\/nikita.company\/?s={search_term_string}\"},\"query-input\":{\"@type\":\"PropertyValueSpecification\",\"valueRequired\":true,\"valueName\":\"search_term_string\"}}],\"inLanguage\":\"de-DE\"},{\"@type\":\"Organization\",\"@id\":\"https:\/\/nikita.company\/#organization\",\"name\":\"NIKITA &amp; COMPANY\",\"url\":\"https:\/\/nikita.company\/\",\"logo\":{\"@type\":\"ImageObject\",\"inLanguage\":\"de-DE\",\"@id\":\"https:\/\/nikita.company\/#\/schema\/logo\/image\/\",\"url\":\"https:\/\/nikita.company\/wp-content\/uploads\/2021\/05\/NikitaCompany_Logo_480x80.jpg\",\"contentUrl\":\"https:\/\/nikita.company\/wp-content\/uploads\/2021\/05\/NikitaCompany_Logo_480x80.jpg\",\"width\":480,\"height\":80,\"caption\":\"NIKITA &amp; COMPANY\"},\"image\":{\"@id\":\"https:\/\/nikita.company\/#\/schema\/logo\/image\/\"}}]}<\/script>\n<!-- \/ Yoast SEO plugin. -->","yoast_head_json":{"title":"Kontakt - NIKITA &amp; COMPANY","robots":{"index":"index","follow":"follow","max-snippet":"max-snippet:-1","max-image-preview":"max-image-preview:large","max-video-preview":"max-video-preview:-1"},"canonical":"https:\/\/nikita.company\/de\/kontakt\/","og_locale":"de_DE","og_type":"article","og_title":"Kontakt - NIKITA &amp; COMPANY","og_description":"[vc_row][vc_column][vc_single_image image=&#8220;868&#8243; img_size=&#8220;full&#8220;][\/vc_column][\/vc_row][vc_row][vc_column width=&#8220;1\/2&#8243;][vc_column_text]NIKITA ONE ist im J\u00e4nner 2021 in \u00d6sterreich gestartet und beinhaltet alle f\u00fcr das Lizenzierungsverfahren notwendigen Reports. Gerne w\u00fcrden wir mit Ihnen als Pilotkunden NIKITA ONE auch in Ihrem Land entwickeln. Ihr Vorteil: Sie sagen uns welche [&hellip;]","og_url":"https:\/\/nikita.company\/de\/kontakt\/","og_site_name":"NIKITA &amp; COMPANY","article_modified_time":"2021-05-08T18:44:42+00:00","og_image":[{"url":"https:\/\/nikita.company\/wp-content\/uploads\/2021\/04\/nikita_header_yourcountry_seo.jpg"}],"twitter_card":"summary_large_image","twitter_image":"https:\/\/nikita.company\/wp-content\/uploads\/2021\/04\/nikita_header_yourcountry_seo.jpg","twitter_misc":{"Gesch\u00e4tzte Lesezeit":"1 Minute"},"schema":{"@context":"https:\/\/schema.org","@graph":[{"@type":"WebPage","@id":"https:\/\/nikita.company\/de\/kontakt\/","url":"https:\/\/nikita.company\/de\/kontakt\/","name":"Kontakt - NIKITA &amp; COMPANY","isPartOf":{"@id":"https:\/\/nikita.company\/#website"},"primaryImageOfPage":{"@id":"https:\/\/nikita.company\/de\/kontakt\/#primaryimage"},"image":{"@id":"https:\/\/nikita.company\/de\/kontakt\/#primaryimage"},"thumbnailUrl":"https:\/\/nikita.company\/wp-content\/uploads\/2021\/04\/nikita_header_yourcountry_seo.jpg","datePublished":"2021-02-22T11:12:19+00:00","dateModified":"2021-05-08T18:44:42+00:00","breadcrumb":{"@id":"https:\/\/nikita.company\/de\/kontakt\/#breadcrumb"},"inLanguage":"de-DE","potentialAction":[{"@type":"ReadAction","target":["https:\/\/nikita.company\/de\/kontakt\/"]}]},{"@type":"ImageObject","inLanguage":"de-DE","@id":"https:\/\/nikita.company\/de\/kontakt\/#primaryimage","url":"https:\/\/nikita.company\/wp-content\/uploads\/2021\/04\/nikita_header_yourcountry_seo.jpg","contentUrl":"https:\/\/nikita.company\/wp-content\/uploads\/2021\/04\/nikita_header_yourcountry_seo.jpg","width":1920,"height":1080},{"@type":"BreadcrumbList","@id":"https:\/\/nikita.company\/de\/kontakt\/#breadcrumb","itemListElement":[{"@type":"ListItem","position":1,"name":"Home","item":"https:\/\/nikita.company\/de\/"},{"@type":"ListItem","position":2,"name":"Kontakt"}]},{"@type":"WebSite","@id":"https:\/\/nikita.company\/#website","url":"https:\/\/nikita.company\/","name":"NIKITA &amp; COMPANY","description":"Financial Planning Tool for Football Clubs","publisher":{"@id":"https:\/\/nikita.company\/#organization"},"potentialAction":[{"@type":"SearchAction","target":{"@type":"EntryPoint","urlTemplate":"https:\/\/nikita.company\/?s={search_term_string}"},"query-input":{"@type":"PropertyValueSpecification","valueRequired":true,"valueName":"search_term_string"}}],"inLanguage":"de-DE"},{"@type":"Organization","@id":"https:\/\/nikita.company\/#organization","name":"NIKITA &amp; COMPANY","url":"https:\/\/nikita.company\/","logo":{"@type":"ImageObject","inLanguage":"de-DE","@id":"https:\/\/nikita.company\/#\/schema\/logo\/image\/","url":"https:\/\/nikita.company\/wp-content\/uploads\/2021\/05\/NikitaCompany_Logo_480x80.jpg","contentUrl":"https:\/\/nikita.company\/wp-content\/uploads\/2021\/05\/NikitaCompany_Logo_480x80.jpg","width":480,"height":80,"caption":"NIKITA &amp; COMPANY"},"image":{"@id":"https:\/\/nikita.company\/#\/schema\/logo\/image\/"}}]}},"_links":{"self":[{"href":"https:\/\/nikita.company\/de\/wp-json\/wp\/v2\/pages\/583","targetHints":{"allow":["GET"]}}],"collection":[{"href":"https:\/\/nikita.company\/de\/wp-json\/wp\/v2\/pages"}],"about":[{"href":"https:\/\/nikita.company\/de\/wp-json\/wp\/v2\/types\/page"}],"author":[{"embeddable":true,"href":"https:\/\/nikita.company\/de\/wp-json\/wp\/v2\/users\/1"}],"replies":[{"embeddable":true,"href":"https:\/\/nikita.company\/de\/wp-json\/wp\/v2\/comments?post=583"}],"version-history":[{"count":6,"href":"https:\/\/nikita.company\/de\/wp-json\/wp\/v2\/pages\/583\/revisions"}],"predecessor-version":[{"id":957,"href":"https:\/\/nikita.company\/de\/wp-json\/wp\/v2\/pages\/583\/revisions\/957"}],"wp:featuredmedia":[{"embeddable":true,"href":"https:\/\/nikita.company\/de\/wp-json\/wp\/v2\/media\/877"}],"wp:attachment":[{"href":"https:\/\/nikita.company\/de\/wp-json\/wp\/v2\/media?parent=583"}],"curies":[{"name":"wp","href":"https:\/\/api.w.org\/{rel}","templated":true}]}}