{"id":574,"date":"2021-02-22T11:07:47","date_gmt":"2021-02-22T11:07:47","guid":{"rendered":"https:\/\/nikita.company\/?page_id=574"},"modified":"2021-05-04T20:40:41","modified_gmt":"2021-05-04T20:40:41","slug":"ueber-uns","status":"publish","type":"page","link":"https:\/\/nikita.company\/de\/ueber-uns\/","title":{"rendered":"\u00dcber uns"},"content":{"rendered":"<p>[vc_row][vc_column][vc_single_image image=&#8220;603&#8243; img_size=&#8220;full&#8220;][\/vc_column][\/vc_row][vc_row equal_height=&#8220;yes&#8220; content_placement=&#8220;middle&#8220;][vc_column width=&#8220;1\/2&#8243;][vc_column_text]<strong>RAPHAEL LANDTHALER<\/strong> ist Gr\u00fcnder und Eigent\u00fcmer unseres jungen Unternehmens. Er war jahrelang Berater f\u00fcr Fu\u00dfballklubs, Kulturvereine und Unternehmen in Finanz- und Strategiefragen, 5 Jahre lang Direktor f\u00fcr Finanzen beim SK Rapid Wien und zuletzt Vorstand der \u00d6sterreichischen Fu\u00dfball Bundesliga, wo auch das Lizenzierungsverfahren zu seiner Verantwortung z\u00e4hlte. Zwei Jahre lang war er im Vorstand der ECA und Mitglied der Task Force zur Reform der Europa League.<\/p>\n<p>Basierend auf dieser Erfahrung und Know-How haben wir <strong>NIKITA ONE<\/strong> entwickelt.[\/vc_column_text][vc_single_image image=&#8220;898&#8243; img_size=&#8220;full&#8220;][\/vc_column][vc_column width=&#8220;1\/2&#8243;][vc_single_image image=&#8220;894&#8243; img_size=&#8220;full&#8220;][\/vc_column][\/vc_row]<\/p>\n","protected":false},"excerpt":{"rendered":"<p>[vc_row][vc_column][vc_single_image image=&#8220;603&#8243; img_size=&#8220;full&#8220;][\/vc_column][\/vc_row][vc_row equal_height=&#8220;yes&#8220; content_placement=&#8220;middle&#8220;][vc_column width=&#8220;1\/2&#8243;][vc_column_text]RAPHAEL LANDTHALER ist Gr\u00fcnder und Eigent\u00fcmer unseres jungen Unternehmens. Er war jahrelang Berater f\u00fcr Fu\u00dfballklubs, Kulturvereine und Unternehmen in Finanz- und Strategiefragen, 5 Jahre lang Direktor f\u00fcr Finanzen beim SK Rapid Wien und zuletzt Vorstand [&hellip;]<\/p>\n","protected":false},"author":1,"featured_media":603,"parent":0,"menu_order":0,"comment_status":"closed","ping_status":"closed","template":"","meta":{"footnotes":"","_links_to":"","_links_to_target":""},"class_list":["post-574","page","type-page","status-publish","has-post-thumbnail","hentry"],"yoast_head":"<!-- This site is optimized with the Yoast SEO plugin v23.5 - https:\/\/yoast.com\/wordpress\/plugins\/seo\/ -->\n<title>\u00dcber uns - NIKITA &amp; COMPANY<\/title>\n<meta name=\"robots\" content=\"index, follow, max-snippet:-1, max-image-preview:large, max-video-preview:-1\" \/>\n<link rel=\"canonical\" href=\"https:\/\/nikita.company\/de\/ueber-uns\/\" \/>\n<meta property=\"og:locale\" content=\"de_DE\" \/>\n<meta property=\"og:type\" content=\"article\" \/>\n<meta property=\"og:title\" content=\"\u00dcber uns - NIKITA &amp; COMPANY\" \/>\n<meta property=\"og:description\" content=\"[vc_row][vc_column][vc_single_image image=&#8220;603&#8243; img_size=&#8220;full&#8220;][\/vc_column][\/vc_row][vc_row equal_height=&#8220;yes&#8220; content_placement=&#8220;middle&#8220;][vc_column width=&#8220;1\/2&#8243;][vc_column_text]RAPHAEL LANDTHALER ist Gr\u00fcnder und Eigent\u00fcmer unseres jungen Unternehmens. Er war jahrelang Berater f\u00fcr Fu\u00dfballklubs, Kulturvereine und Unternehmen in Finanz- und Strategiefragen, 5 Jahre lang Direktor f\u00fcr Finanzen beim SK Rapid Wien und zuletzt Vorstand [&hellip;]\" \/>\n<meta property=\"og:url\" content=\"https:\/\/nikita.company\/de\/ueber-uns\/\" \/>\n<meta property=\"og:site_name\" content=\"NIKITA &amp; COMPANY\" \/>\n<meta property=\"article:modified_time\" content=\"2021-05-04T20:40:41+00:00\" \/>\n<meta property=\"og:image\" content=\"https:\/\/nikita.company\/wp-content\/uploads\/2021\/01\/who-we-are-1.jpg\" \/>\n\t<meta property=\"og:image:width\" content=\"1920\" \/>\n\t<meta property=\"og:image:height\" content=\"608\" \/>\n\t<meta property=\"og:image:type\" content=\"image\/jpeg\" \/>\n<meta name=\"twitter:card\" content=\"summary_large_image\" \/>\n<meta name=\"twitter:label1\" content=\"Gesch\u00e4tzte Lesezeit\" \/>\n\t<meta name=\"twitter:data1\" content=\"1 Minute\" \/>\n<script type=\"application\/ld+json\" class=\"yoast-schema-graph\">{\"@context\":\"https:\/\/schema.org\",\"@graph\":[{\"@type\":\"WebPage\",\"@id\":\"https:\/\/nikita.company\/de\/ueber-uns\/\",\"url\":\"https:\/\/nikita.company\/de\/ueber-uns\/\",\"name\":\"\u00dcber uns - NIKITA &amp; COMPANY\",\"isPartOf\":{\"@id\":\"https:\/\/nikita.company\/#website\"},\"primaryImageOfPage\":{\"@id\":\"https:\/\/nikita.company\/de\/ueber-uns\/#primaryimage\"},\"image\":{\"@id\":\"https:\/\/nikita.company\/de\/ueber-uns\/#primaryimage\"},\"thumbnailUrl\":\"https:\/\/nikita.company\/wp-content\/uploads\/2021\/01\/who-we-are-1.jpg\",\"datePublished\":\"2021-02-22T11:07:47+00:00\",\"dateModified\":\"2021-05-04T20:40:41+00:00\",\"breadcrumb\":{\"@id\":\"https:\/\/nikita.company\/de\/ueber-uns\/#breadcrumb\"},\"inLanguage\":\"de-DE\",\"potentialAction\":[{\"@type\":\"ReadAction\",\"target\":[\"https:\/\/nikita.company\/de\/ueber-uns\/\"]}]},{\"@type\":\"ImageObject\",\"inLanguage\":\"de-DE\",\"@id\":\"https:\/\/nikita.company\/de\/ueber-uns\/#primaryimage\",\"url\":\"https:\/\/nikita.company\/wp-content\/uploads\/2021\/01\/who-we-are-1.jpg\",\"contentUrl\":\"https:\/\/nikita.company\/wp-content\/uploads\/2021\/01\/who-we-are-1.jpg\",\"width\":1920,\"height\":608},{\"@type\":\"BreadcrumbList\",\"@id\":\"https:\/\/nikita.company\/de\/ueber-uns\/#breadcrumb\",\"itemListElement\":[{\"@type\":\"ListItem\",\"position\":1,\"name\":\"Home\",\"item\":\"https:\/\/nikita.company\/de\/\"},{\"@type\":\"ListItem\",\"position\":2,\"name\":\"\u00dcber uns\"}]},{\"@type\":\"WebSite\",\"@id\":\"https:\/\/nikita.company\/#website\",\"url\":\"https:\/\/nikita.company\/\",\"name\":\"NIKITA &amp; COMPANY\",\"description\":\"Financial Planning Tool for Football Clubs\",\"publisher\":{\"@id\":\"https:\/\/nikita.company\/#organization\"},\"potentialAction\":[{\"@type\":\"SearchAction\",\"target\":{\"@type\":\"EntryPoint\",\"urlTemplate\":\"https:\/\/nikita.company\/?s={search_term_string}\"},\"query-input\":{\"@type\":\"PropertyValueSpecification\",\"valueRequired\":true,\"valueName\":\"search_term_string\"}}],\"inLanguage\":\"de-DE\"},{\"@type\":\"Organization\",\"@id\":\"https:\/\/nikita.company\/#organization\",\"name\":\"NIKITA &amp; COMPANY\",\"url\":\"https:\/\/nikita.company\/\",\"logo\":{\"@type\":\"ImageObject\",\"inLanguage\":\"de-DE\",\"@id\":\"https:\/\/nikita.company\/#\/schema\/logo\/image\/\",\"url\":\"https:\/\/nikita.company\/wp-content\/uploads\/2021\/05\/NikitaCompany_Logo_480x80.jpg\",\"contentUrl\":\"https:\/\/nikita.company\/wp-content\/uploads\/2021\/05\/NikitaCompany_Logo_480x80.jpg\",\"width\":480,\"height\":80,\"caption\":\"NIKITA &amp; COMPANY\"},\"image\":{\"@id\":\"https:\/\/nikita.company\/#\/schema\/logo\/image\/\"}}]}<\/script>\n<!-- \/ Yoast SEO plugin. -->","yoast_head_json":{"title":"\u00dcber uns - NIKITA &amp; COMPANY","robots":{"index":"index","follow":"follow","max-snippet":"max-snippet:-1","max-image-preview":"max-image-preview:large","max-video-preview":"max-video-preview:-1"},"canonical":"https:\/\/nikita.company\/de\/ueber-uns\/","og_locale":"de_DE","og_type":"article","og_title":"\u00dcber uns - NIKITA &amp; COMPANY","og_description":"[vc_row][vc_column][vc_single_image image=&#8220;603&#8243; img_size=&#8220;full&#8220;][\/vc_column][\/vc_row][vc_row equal_height=&#8220;yes&#8220; content_placement=&#8220;middle&#8220;][vc_column width=&#8220;1\/2&#8243;][vc_column_text]RAPHAEL LANDTHALER ist Gr\u00fcnder und Eigent\u00fcmer unseres jungen Unternehmens. Er war jahrelang Berater f\u00fcr Fu\u00dfballklubs, Kulturvereine und Unternehmen in Finanz- und Strategiefragen, 5 Jahre lang Direktor f\u00fcr Finanzen beim SK Rapid Wien und zuletzt Vorstand [&hellip;]","og_url":"https:\/\/nikita.company\/de\/ueber-uns\/","og_site_name":"NIKITA &amp; COMPANY","article_modified_time":"2021-05-04T20:40:41+00:00","og_image":[{"width":1920,"height":608,"url":"https:\/\/nikita.company\/wp-content\/uploads\/2021\/01\/who-we-are-1.jpg","type":"image\/jpeg"}],"twitter_card":"summary_large_image","twitter_misc":{"Gesch\u00e4tzte Lesezeit":"1 Minute"},"schema":{"@context":"https:\/\/schema.org","@graph":[{"@type":"WebPage","@id":"https:\/\/nikita.company\/de\/ueber-uns\/","url":"https:\/\/nikita.company\/de\/ueber-uns\/","name":"\u00dcber uns - NIKITA &amp; COMPANY","isPartOf":{"@id":"https:\/\/nikita.company\/#website"},"primaryImageOfPage":{"@id":"https:\/\/nikita.company\/de\/ueber-uns\/#primaryimage"},"image":{"@id":"https:\/\/nikita.company\/de\/ueber-uns\/#primaryimage"},"thumbnailUrl":"https:\/\/nikita.company\/wp-content\/uploads\/2021\/01\/who-we-are-1.jpg","datePublished":"2021-02-22T11:07:47+00:00","dateModified":"2021-05-04T20:40:41+00:00","breadcrumb":{"@id":"https:\/\/nikita.company\/de\/ueber-uns\/#breadcrumb"},"inLanguage":"de-DE","potentialAction":[{"@type":"ReadAction","target":["https:\/\/nikita.company\/de\/ueber-uns\/"]}]},{"@type":"ImageObject","inLanguage":"de-DE","@id":"https:\/\/nikita.company\/de\/ueber-uns\/#primaryimage","url":"https:\/\/nikita.company\/wp-content\/uploads\/2021\/01\/who-we-are-1.jpg","contentUrl":"https:\/\/nikita.company\/wp-content\/uploads\/2021\/01\/who-we-are-1.jpg","width":1920,"height":608},{"@type":"BreadcrumbList","@id":"https:\/\/nikita.company\/de\/ueber-uns\/#breadcrumb","itemListElement":[{"@type":"ListItem","position":1,"name":"Home","item":"https:\/\/nikita.company\/de\/"},{"@type":"ListItem","position":2,"name":"\u00dcber uns"}]},{"@type":"WebSite","@id":"https:\/\/nikita.company\/#website","url":"https:\/\/nikita.company\/","name":"NIKITA &amp; COMPANY","description":"Financial Planning Tool for Football Clubs","publisher":{"@id":"https:\/\/nikita.company\/#organization"},"potentialAction":[{"@type":"SearchAction","target":{"@type":"EntryPoint","urlTemplate":"https:\/\/nikita.company\/?s={search_term_string}"},"query-input":{"@type":"PropertyValueSpecification","valueRequired":true,"valueName":"search_term_string"}}],"inLanguage":"de-DE"},{"@type":"Organization","@id":"https:\/\/nikita.company\/#organization","name":"NIKITA &amp; COMPANY","url":"https:\/\/nikita.company\/","logo":{"@type":"ImageObject","inLanguage":"de-DE","@id":"https:\/\/nikita.company\/#\/schema\/logo\/image\/","url":"https:\/\/nikita.company\/wp-content\/uploads\/2021\/05\/NikitaCompany_Logo_480x80.jpg","contentUrl":"https:\/\/nikita.company\/wp-content\/uploads\/2021\/05\/NikitaCompany_Logo_480x80.jpg","width":480,"height":80,"caption":"NIKITA &amp; COMPANY"},"image":{"@id":"https:\/\/nikita.company\/#\/schema\/logo\/image\/"}}]}},"_links":{"self":[{"href":"https:\/\/nikita.company\/de\/wp-json\/wp\/v2\/pages\/574","targetHints":{"allow":["GET"]}}],"collection":[{"href":"https:\/\/nikita.company\/de\/wp-json\/wp\/v2\/pages"}],"about":[{"href":"https:\/\/nikita.company\/de\/wp-json\/wp\/v2\/types\/page"}],"author":[{"embeddable":true,"href":"https:\/\/nikita.company\/de\/wp-json\/wp\/v2\/users\/1"}],"replies":[{"embeddable":true,"href":"https:\/\/nikita.company\/de\/wp-json\/wp\/v2\/comments?post=574"}],"version-history":[{"count":5,"href":"https:\/\/nikita.company\/de\/wp-json\/wp\/v2\/pages\/574\/revisions"}],"predecessor-version":[{"id":920,"href":"https:\/\/nikita.company\/de\/wp-json\/wp\/v2\/pages\/574\/revisions\/920"}],"wp:featuredmedia":[{"embeddable":true,"href":"https:\/\/nikita.company\/de\/wp-json\/wp\/v2\/media\/603"}],"wp:attachment":[{"href":"https:\/\/nikita.company\/de\/wp-json\/wp\/v2\/media?parent=574"}],"curies":[{"name":"wp","href":"https:\/\/api.w.org\/{rel}","templated":true}]}}