{"id":567,"date":"2021-02-22T10:44:51","date_gmt":"2021-02-22T10:44:51","guid":{"rendered":"https:\/\/nikita.company\/?page_id=567"},"modified":"2021-05-04T20:39:06","modified_gmt":"2021-05-04T20:39:06","slug":"nikita-one","status":"publish","type":"page","link":"https:\/\/nikita.company\/de\/nikita-one\/","title":{"rendered":"NIKITA ONE"},"content":{"rendered":"<p>[vc_row][vc_column][vc_single_image image=&#8220;891&#8243; img_size=&#8220;full&#8220;][\/vc_column][\/vc_row][vc_row][vc_column width=&#8220;1\/2&#8243;][vc_column_text]<strong><em>NIKITA ONE<\/em><\/strong><strong> \u00a0ist eine EXCEL-Anwendung, die professionelle Fu\u00dfballklubs in der Finanzplanung und Lizenzierung unterst\u00fctzt. <\/strong><\/p>\n<p><strong><em>NIKTA ONE <\/em><\/strong>\u00a0ist eine hoch verformelte, integrierte Planungs- und Erfolgsrechnung, die im Ergebnis eine Plan-G&amp;V, eine Plan-Bilanz und einen Finanzplan f\u00fcr bis zu 24 Monate erstellt. Durch zahlreiche spezifische Planungslogiken und komplexe Verformelungen wird der Planungsprozess f\u00fcr den Anwender vereinfacht und beschleunigt. Gleichzeitig bietet <strong><em>NIKITA ONE<\/em><\/strong> eine Vielzahl von Auswertungen, Reports und Analysen und erm\u00f6glicht unterj\u00e4hrige Soll-Ist-Vergleiche genauso wie eine einfach zu bedienende Szenario-Planung. Die Ist-Daten k\u00f6nnen f\u00fcr bis zu f\u00fcnf Gesellschaften importiert und konsolidiert werden.<\/p>\n<p>&nbsp;<\/p>\n<p><strong>Alle wichtigen Leistungsmerkmale auf einen Blick zusammengefasst:<\/strong><\/p>\n<ul>\n<li>Datenimport und Konsolidierung f\u00fcr bis zu f\u00fcnf Gesellschaften<\/li>\n<li>Monatliche Soll-Ist-Vergleiche und Forecasts<\/li>\n<li>S\u00e4mtliche (finanziellen) Lizenzierungsunterlagen werden automatisch erstellt<\/li>\n<li>Einfache Bedienbarkeit<\/li>\n<li>Umfassende Reports und Analysem\u00f6glichkeiten<\/li>\n<li>Integrierte Planungs- und Erfolgsrechnung<\/li>\n<li>Hochverformeltes Planungsmodell unterst\u00fctzt die Qualit\u00e4t der Planung bei deutlich geringerem Zeitaufwand<\/li>\n<li>Workflow-Manager und einfache Projektplanung unterst\u00fctzen den Planungsprozess<\/li>\n<li>COVID19-Schadensberechnung<\/li>\n<\/ul>\n<p>&nbsp;<\/p>\n<p>Die Anwendung wird laufend \u2013 vor allem basierend auf dem Anwenderfeedback \u2013 weiterentwickelt.<\/p>\n<p>Ben\u00f6tigt werden lediglich eine aktuelle EXCEL-Version (EXCEL365), Grundkenntnisse in EXCEL und entsprechende Hardware.[\/vc_column_text][\/vc_column][vc_column width=&#8220;1\/2&#8243;][vc_single_image image=&#8220;415&#8243; img_size=&#8220;full&#8220;][vc_empty_space][vc_single_image image=&#8220;416&#8243; img_size=&#8220;full&#8220;][\/vc_column][\/vc_row]<\/p>\n","protected":false},"excerpt":{"rendered":"<p>[vc_row][vc_column][vc_single_image image=&#8220;891&#8243; img_size=&#8220;full&#8220;][\/vc_column][\/vc_row][vc_row][vc_column width=&#8220;1\/2&#8243;][vc_column_text]NIKITA ONE \u00a0ist eine EXCEL-Anwendung, die professionelle Fu\u00dfballklubs in der Finanzplanung und Lizenzierung unterst\u00fctzt. NIKTA ONE \u00a0ist eine hoch verformelte, integrierte Planungs- und Erfolgsrechnung, die im Ergebnis eine Plan-G&amp;V, eine Plan-Bilanz und einen Finanzplan f\u00fcr bis zu [&hellip;]<\/p>\n","protected":false},"author":1,"featured_media":891,"parent":0,"menu_order":0,"comment_status":"closed","ping_status":"closed","template":"","meta":{"footnotes":"","_links_to":"","_links_to_target":""},"class_list":["post-567","page","type-page","status-publish","has-post-thumbnail","hentry"],"yoast_head":"<!-- This site is optimized with the Yoast SEO plugin v23.5 - https:\/\/yoast.com\/wordpress\/plugins\/seo\/ -->\n<title>NIKITA ONE - NIKITA &amp; COMPANY<\/title>\n<meta name=\"robots\" content=\"index, follow, max-snippet:-1, max-image-preview:large, max-video-preview:-1\" \/>\n<link rel=\"canonical\" href=\"https:\/\/nikita.company\/de\/nikita-one\/\" \/>\n<meta property=\"og:locale\" content=\"de_DE\" \/>\n<meta property=\"og:type\" content=\"article\" \/>\n<meta property=\"og:title\" content=\"NIKITA ONE - NIKITA &amp; COMPANY\" \/>\n<meta property=\"og:description\" content=\"[vc_row][vc_column][vc_single_image image=&#8220;891&#8243; img_size=&#8220;full&#8220;][\/vc_column][\/vc_row][vc_row][vc_column width=&#8220;1\/2&#8243;][vc_column_text]NIKITA ONE \u00a0ist eine EXCEL-Anwendung, die professionelle Fu\u00dfballklubs in der Finanzplanung und Lizenzierung unterst\u00fctzt. NIKTA ONE \u00a0ist eine hoch verformelte, integrierte Planungs- und Erfolgsrechnung, die im Ergebnis eine Plan-G&amp;V, eine Plan-Bilanz und einen Finanzplan f\u00fcr bis zu [&hellip;]\" \/>\n<meta property=\"og:url\" content=\"https:\/\/nikita.company\/de\/nikita-one\/\" \/>\n<meta property=\"og:site_name\" content=\"NIKITA &amp; COMPANY\" \/>\n<meta property=\"article:modified_time\" content=\"2021-05-04T20:39:06+00:00\" \/>\n<meta property=\"og:image\" content=\"https:\/\/nikita.company\/wp-content\/uploads\/2021\/04\/nikita_header_nikitaone_alternative.jpg\" \/>\n\t<meta property=\"og:image:width\" content=\"1920\" \/>\n\t<meta property=\"og:image:height\" content=\"608\" \/>\n\t<meta property=\"og:image:type\" content=\"image\/jpeg\" \/>\n<meta name=\"twitter:card\" content=\"summary_large_image\" \/>\n<meta name=\"twitter:label1\" content=\"Gesch\u00e4tzte Lesezeit\" \/>\n\t<meta name=\"twitter:data1\" content=\"1 Minute\" \/>\n<script type=\"application\/ld+json\" class=\"yoast-schema-graph\">{\"@context\":\"https:\/\/schema.org\",\"@graph\":[{\"@type\":\"WebPage\",\"@id\":\"https:\/\/nikita.company\/de\/nikita-one\/\",\"url\":\"https:\/\/nikita.company\/de\/nikita-one\/\",\"name\":\"NIKITA ONE - NIKITA &amp; COMPANY\",\"isPartOf\":{\"@id\":\"https:\/\/nikita.company\/#website\"},\"primaryImageOfPage\":{\"@id\":\"https:\/\/nikita.company\/de\/nikita-one\/#primaryimage\"},\"image\":{\"@id\":\"https:\/\/nikita.company\/de\/nikita-one\/#primaryimage\"},\"thumbnailUrl\":\"https:\/\/nikita.company\/wp-content\/uploads\/2021\/04\/nikita_header_nikitaone_alternative.jpg\",\"datePublished\":\"2021-02-22T10:44:51+00:00\",\"dateModified\":\"2021-05-04T20:39:06+00:00\",\"breadcrumb\":{\"@id\":\"https:\/\/nikita.company\/de\/nikita-one\/#breadcrumb\"},\"inLanguage\":\"de-DE\",\"potentialAction\":[{\"@type\":\"ReadAction\",\"target\":[\"https:\/\/nikita.company\/de\/nikita-one\/\"]}]},{\"@type\":\"ImageObject\",\"inLanguage\":\"de-DE\",\"@id\":\"https:\/\/nikita.company\/de\/nikita-one\/#primaryimage\",\"url\":\"https:\/\/nikita.company\/wp-content\/uploads\/2021\/04\/nikita_header_nikitaone_alternative.jpg\",\"contentUrl\":\"https:\/\/nikita.company\/wp-content\/uploads\/2021\/04\/nikita_header_nikitaone_alternative.jpg\",\"width\":1920,\"height\":608},{\"@type\":\"BreadcrumbList\",\"@id\":\"https:\/\/nikita.company\/de\/nikita-one\/#breadcrumb\",\"itemListElement\":[{\"@type\":\"ListItem\",\"position\":1,\"name\":\"Home\",\"item\":\"https:\/\/nikita.company\/de\/\"},{\"@type\":\"ListItem\",\"position\":2,\"name\":\"NIKITA ONE\"}]},{\"@type\":\"WebSite\",\"@id\":\"https:\/\/nikita.company\/#website\",\"url\":\"https:\/\/nikita.company\/\",\"name\":\"NIKITA &amp; COMPANY\",\"description\":\"Financial Planning Tool for Football Clubs\",\"publisher\":{\"@id\":\"https:\/\/nikita.company\/#organization\"},\"potentialAction\":[{\"@type\":\"SearchAction\",\"target\":{\"@type\":\"EntryPoint\",\"urlTemplate\":\"https:\/\/nikita.company\/?s={search_term_string}\"},\"query-input\":{\"@type\":\"PropertyValueSpecification\",\"valueRequired\":true,\"valueName\":\"search_term_string\"}}],\"inLanguage\":\"de-DE\"},{\"@type\":\"Organization\",\"@id\":\"https:\/\/nikita.company\/#organization\",\"name\":\"NIKITA &amp; COMPANY\",\"url\":\"https:\/\/nikita.company\/\",\"logo\":{\"@type\":\"ImageObject\",\"inLanguage\":\"de-DE\",\"@id\":\"https:\/\/nikita.company\/#\/schema\/logo\/image\/\",\"url\":\"https:\/\/nikita.company\/wp-content\/uploads\/2021\/05\/NikitaCompany_Logo_480x80.jpg\",\"contentUrl\":\"https:\/\/nikita.company\/wp-content\/uploads\/2021\/05\/NikitaCompany_Logo_480x80.jpg\",\"width\":480,\"height\":80,\"caption\":\"NIKITA &amp; COMPANY\"},\"image\":{\"@id\":\"https:\/\/nikita.company\/#\/schema\/logo\/image\/\"}}]}<\/script>\n<!-- \/ Yoast SEO plugin. -->","yoast_head_json":{"title":"NIKITA ONE - NIKITA &amp; COMPANY","robots":{"index":"index","follow":"follow","max-snippet":"max-snippet:-1","max-image-preview":"max-image-preview:large","max-video-preview":"max-video-preview:-1"},"canonical":"https:\/\/nikita.company\/de\/nikita-one\/","og_locale":"de_DE","og_type":"article","og_title":"NIKITA ONE - NIKITA &amp; COMPANY","og_description":"[vc_row][vc_column][vc_single_image image=&#8220;891&#8243; img_size=&#8220;full&#8220;][\/vc_column][\/vc_row][vc_row][vc_column width=&#8220;1\/2&#8243;][vc_column_text]NIKITA ONE \u00a0ist eine EXCEL-Anwendung, die professionelle Fu\u00dfballklubs in der Finanzplanung und Lizenzierung unterst\u00fctzt. NIKTA ONE \u00a0ist eine hoch verformelte, integrierte Planungs- und Erfolgsrechnung, die im Ergebnis eine Plan-G&amp;V, eine Plan-Bilanz und einen Finanzplan f\u00fcr bis zu [&hellip;]","og_url":"https:\/\/nikita.company\/de\/nikita-one\/","og_site_name":"NIKITA &amp; COMPANY","article_modified_time":"2021-05-04T20:39:06+00:00","og_image":[{"width":1920,"height":608,"url":"https:\/\/nikita.company\/wp-content\/uploads\/2021\/04\/nikita_header_nikitaone_alternative.jpg","type":"image\/jpeg"}],"twitter_card":"summary_large_image","twitter_misc":{"Gesch\u00e4tzte Lesezeit":"1 Minute"},"schema":{"@context":"https:\/\/schema.org","@graph":[{"@type":"WebPage","@id":"https:\/\/nikita.company\/de\/nikita-one\/","url":"https:\/\/nikita.company\/de\/nikita-one\/","name":"NIKITA ONE - NIKITA &amp; COMPANY","isPartOf":{"@id":"https:\/\/nikita.company\/#website"},"primaryImageOfPage":{"@id":"https:\/\/nikita.company\/de\/nikita-one\/#primaryimage"},"image":{"@id":"https:\/\/nikita.company\/de\/nikita-one\/#primaryimage"},"thumbnailUrl":"https:\/\/nikita.company\/wp-content\/uploads\/2021\/04\/nikita_header_nikitaone_alternative.jpg","datePublished":"2021-02-22T10:44:51+00:00","dateModified":"2021-05-04T20:39:06+00:00","breadcrumb":{"@id":"https:\/\/nikita.company\/de\/nikita-one\/#breadcrumb"},"inLanguage":"de-DE","potentialAction":[{"@type":"ReadAction","target":["https:\/\/nikita.company\/de\/nikita-one\/"]}]},{"@type":"ImageObject","inLanguage":"de-DE","@id":"https:\/\/nikita.company\/de\/nikita-one\/#primaryimage","url":"https:\/\/nikita.company\/wp-content\/uploads\/2021\/04\/nikita_header_nikitaone_alternative.jpg","contentUrl":"https:\/\/nikita.company\/wp-content\/uploads\/2021\/04\/nikita_header_nikitaone_alternative.jpg","width":1920,"height":608},{"@type":"BreadcrumbList","@id":"https:\/\/nikita.company\/de\/nikita-one\/#breadcrumb","itemListElement":[{"@type":"ListItem","position":1,"name":"Home","item":"https:\/\/nikita.company\/de\/"},{"@type":"ListItem","position":2,"name":"NIKITA ONE"}]},{"@type":"WebSite","@id":"https:\/\/nikita.company\/#website","url":"https:\/\/nikita.company\/","name":"NIKITA &amp; COMPANY","description":"Financial Planning Tool for Football Clubs","publisher":{"@id":"https:\/\/nikita.company\/#organization"},"potentialAction":[{"@type":"SearchAction","target":{"@type":"EntryPoint","urlTemplate":"https:\/\/nikita.company\/?s={search_term_string}"},"query-input":{"@type":"PropertyValueSpecification","valueRequired":true,"valueName":"search_term_string"}}],"inLanguage":"de-DE"},{"@type":"Organization","@id":"https:\/\/nikita.company\/#organization","name":"NIKITA &amp; COMPANY","url":"https:\/\/nikita.company\/","logo":{"@type":"ImageObject","inLanguage":"de-DE","@id":"https:\/\/nikita.company\/#\/schema\/logo\/image\/","url":"https:\/\/nikita.company\/wp-content\/uploads\/2021\/05\/NikitaCompany_Logo_480x80.jpg","contentUrl":"https:\/\/nikita.company\/wp-content\/uploads\/2021\/05\/NikitaCompany_Logo_480x80.jpg","width":480,"height":80,"caption":"NIKITA &amp; COMPANY"},"image":{"@id":"https:\/\/nikita.company\/#\/schema\/logo\/image\/"}}]}},"_links":{"self":[{"href":"https:\/\/nikita.company\/de\/wp-json\/wp\/v2\/pages\/567","targetHints":{"allow":["GET"]}}],"collection":[{"href":"https:\/\/nikita.company\/de\/wp-json\/wp\/v2\/pages"}],"about":[{"href":"https:\/\/nikita.company\/de\/wp-json\/wp\/v2\/types\/page"}],"author":[{"embeddable":true,"href":"https:\/\/nikita.company\/de\/wp-json\/wp\/v2\/users\/1"}],"replies":[{"embeddable":true,"href":"https:\/\/nikita.company\/de\/wp-json\/wp\/v2\/comments?post=567"}],"version-history":[{"count":5,"href":"https:\/\/nikita.company\/de\/wp-json\/wp\/v2\/pages\/567\/revisions"}],"predecessor-version":[{"id":918,"href":"https:\/\/nikita.company\/de\/wp-json\/wp\/v2\/pages\/567\/revisions\/918"}],"wp:featuredmedia":[{"embeddable":true,"href":"https:\/\/nikita.company\/de\/wp-json\/wp\/v2\/media\/891"}],"wp:attachment":[{"href":"https:\/\/nikita.company\/de\/wp-json\/wp\/v2\/media?parent=567"}],"curies":[{"name":"wp","href":"https:\/\/api.w.org\/{rel}","templated":true}]}}