{"id":561,"date":"2021-02-22T10:42:39","date_gmt":"2021-02-22T10:42:39","guid":{"rendered":"https:\/\/nikita.company\/?page_id=561"},"modified":"2021-05-08T19:00:45","modified_gmt":"2021-05-08T19:00:45","slug":"impressum","status":"publish","type":"page","link":"https:\/\/nikita.company\/de\/impressum\/","title":{"rendered":"Impressum"},"content":{"rendered":"<div class=\"row-fluid-wrapper row-depth-1 row-number-2 dnd-row\">\n<div class=\"row-fluid \">\n<div class=\"span12 widget-span widget-type-custom_widget dnd-module\" data-widget-type=\"custom_widget\" data-x=\"0\" data-w=\"12\">\n<div id=\"hs_cos_wrapper_widget_1606899922440\" class=\"hs_cos_wrapper hs_cos_wrapper_widget hs_cos_wrapper_type_module widget-type-header\" data-hs-cos-general-type=\"widget\" data-hs-cos-type=\"module\">\n<h1><span style=\"font-size: 16px;\">NIKITA &amp; COMPANY<\/span><\/h1>\n<\/div>\n<\/div>\n<\/div>\n<\/div>\n<div class=\"row-fluid-wrapper row-depth-1 row-number-3 dnd-row\">\n<div class=\"row-fluid \">\n<div class=\"span12 widget-span widget-type-custom_widget dnd-module\" data-widget-type=\"custom_widget\" data-x=\"0\" data-w=\"12\">\n<div id=\"hs_cos_wrapper_widget_1606899847015\" class=\"hs_cos_wrapper hs_cos_wrapper_widget hs_cos_wrapper_type_module widget-type-rich_text\" data-hs-cos-general-type=\"widget\" data-hs-cos-type=\"module\">\n<p>Finanzplanungstool f\u00fcr Fu\u00dfballvereine<br \/>\nTallin, Estland<br \/>\nT: +43 699 1414 7272<br \/>\nMail: raphael@landthaler.at<\/p>\n<p>&nbsp;<\/p>\n<p><strong>Haftungsausschluss: <\/strong><\/p>\n<p>Die Inhalte dieser Website sind von den Autoren und der Redaktion sorgf\u00e4ltig recherchiert und gepr\u00fcft, dennoch kann keine Garantie \u00fcbernommen werden. Eine Haftung von NIKITA &amp; COMPANY und ihren Beauftragten f\u00fcr Personen-, Sach- und Verm\u00f6genssch\u00e4den ist ausgeschlossen. F\u00fcr die Inhalte der verlinkten Webseiten ist der Autor und die Redaktion nicht verantwortlich.<\/p>\n<p>Redaktion: Raphael Landthaler<\/p>\n<\/div>\n<\/div>\n<\/div>\n<\/div>\n","protected":false},"excerpt":{"rendered":"<p>NIKITA &amp; COMPANY Finanzplanungstool f\u00fcr Fu\u00dfballvereine Tallin, Estland T: +43 699 1414 7272 Mail: raphael@landthaler.at &nbsp; Haftungsausschluss: Die Inhalte dieser Website sind von den Autoren und der Redaktion sorgf\u00e4ltig recherchiert und gepr\u00fcft, dennoch kann keine Garantie \u00fcbernommen werden. Eine Haftung [&hellip;]<\/p>\n","protected":false},"author":1,"featured_media":0,"parent":0,"menu_order":0,"comment_status":"closed","ping_status":"closed","template":"","meta":{"footnotes":"","_links_to":"","_links_to_target":""},"class_list":["post-561","page","type-page","status-publish","hentry"],"yoast_head":"<!-- This site is optimized with the Yoast SEO plugin v23.5 - https:\/\/yoast.com\/wordpress\/plugins\/seo\/ -->\n<title>Impressum - NIKITA &amp; COMPANY<\/title>\n<meta name=\"robots\" content=\"index, follow, max-snippet:-1, max-image-preview:large, max-video-preview:-1\" \/>\n<link rel=\"canonical\" href=\"https:\/\/nikita.company\/de\/impressum\/\" \/>\n<meta property=\"og:locale\" content=\"de_DE\" \/>\n<meta property=\"og:type\" content=\"article\" \/>\n<meta property=\"og:title\" content=\"Impressum - NIKITA &amp; COMPANY\" \/>\n<meta property=\"og:description\" content=\"NIKITA &amp; COMPANY Finanzplanungstool f\u00fcr Fu\u00dfballvereine Tallin, Estland T: +43 699 1414 7272 Mail: raphael@landthaler.at &nbsp; Haftungsausschluss: Die Inhalte dieser Website sind von den Autoren und der Redaktion sorgf\u00e4ltig recherchiert und gepr\u00fcft, dennoch kann keine Garantie \u00fcbernommen werden. Eine Haftung [&hellip;]\" \/>\n<meta property=\"og:url\" content=\"https:\/\/nikita.company\/de\/impressum\/\" \/>\n<meta property=\"og:site_name\" content=\"NIKITA &amp; COMPANY\" \/>\n<meta property=\"article:modified_time\" content=\"2021-05-08T19:00:45+00:00\" \/>\n<meta name=\"twitter:card\" content=\"summary_large_image\" \/>\n<meta name=\"twitter:label1\" content=\"Gesch\u00e4tzte Lesezeit\" \/>\n\t<meta name=\"twitter:data1\" content=\"1 Minute\" \/>\n<script type=\"application\/ld+json\" class=\"yoast-schema-graph\">{\"@context\":\"https:\/\/schema.org\",\"@graph\":[{\"@type\":\"WebPage\",\"@id\":\"https:\/\/nikita.company\/de\/impressum\/\",\"url\":\"https:\/\/nikita.company\/de\/impressum\/\",\"name\":\"Impressum - NIKITA &amp; COMPANY\",\"isPartOf\":{\"@id\":\"https:\/\/nikita.company\/#website\"},\"datePublished\":\"2021-02-22T10:42:39+00:00\",\"dateModified\":\"2021-05-08T19:00:45+00:00\",\"breadcrumb\":{\"@id\":\"https:\/\/nikita.company\/de\/impressum\/#breadcrumb\"},\"inLanguage\":\"de-DE\",\"potentialAction\":[{\"@type\":\"ReadAction\",\"target\":[\"https:\/\/nikita.company\/de\/impressum\/\"]}]},{\"@type\":\"BreadcrumbList\",\"@id\":\"https:\/\/nikita.company\/de\/impressum\/#breadcrumb\",\"itemListElement\":[{\"@type\":\"ListItem\",\"position\":1,\"name\":\"Home\",\"item\":\"https:\/\/nikita.company\/de\/\"},{\"@type\":\"ListItem\",\"position\":2,\"name\":\"Impressum\"}]},{\"@type\":\"WebSite\",\"@id\":\"https:\/\/nikita.company\/#website\",\"url\":\"https:\/\/nikita.company\/\",\"name\":\"NIKITA &amp; COMPANY\",\"description\":\"Financial Planning Tool for Football Clubs\",\"publisher\":{\"@id\":\"https:\/\/nikita.company\/#organization\"},\"potentialAction\":[{\"@type\":\"SearchAction\",\"target\":{\"@type\":\"EntryPoint\",\"urlTemplate\":\"https:\/\/nikita.company\/?s={search_term_string}\"},\"query-input\":{\"@type\":\"PropertyValueSpecification\",\"valueRequired\":true,\"valueName\":\"search_term_string\"}}],\"inLanguage\":\"de-DE\"},{\"@type\":\"Organization\",\"@id\":\"https:\/\/nikita.company\/#organization\",\"name\":\"NIKITA &amp; COMPANY\",\"url\":\"https:\/\/nikita.company\/\",\"logo\":{\"@type\":\"ImageObject\",\"inLanguage\":\"de-DE\",\"@id\":\"https:\/\/nikita.company\/#\/schema\/logo\/image\/\",\"url\":\"https:\/\/nikita.company\/wp-content\/uploads\/2021\/05\/NikitaCompany_Logo_480x80.jpg\",\"contentUrl\":\"https:\/\/nikita.company\/wp-content\/uploads\/2021\/05\/NikitaCompany_Logo_480x80.jpg\",\"width\":480,\"height\":80,\"caption\":\"NIKITA &amp; COMPANY\"},\"image\":{\"@id\":\"https:\/\/nikita.company\/#\/schema\/logo\/image\/\"}}]}<\/script>\n<!-- \/ Yoast SEO plugin. -->","yoast_head_json":{"title":"Impressum - NIKITA &amp; COMPANY","robots":{"index":"index","follow":"follow","max-snippet":"max-snippet:-1","max-image-preview":"max-image-preview:large","max-video-preview":"max-video-preview:-1"},"canonical":"https:\/\/nikita.company\/de\/impressum\/","og_locale":"de_DE","og_type":"article","og_title":"Impressum - NIKITA &amp; COMPANY","og_description":"NIKITA &amp; COMPANY Finanzplanungstool f\u00fcr Fu\u00dfballvereine Tallin, Estland T: +43 699 1414 7272 Mail: raphael@landthaler.at &nbsp; Haftungsausschluss: Die Inhalte dieser Website sind von den Autoren und der Redaktion sorgf\u00e4ltig recherchiert und gepr\u00fcft, dennoch kann keine Garantie \u00fcbernommen werden. Eine Haftung [&hellip;]","og_url":"https:\/\/nikita.company\/de\/impressum\/","og_site_name":"NIKITA &amp; COMPANY","article_modified_time":"2021-05-08T19:00:45+00:00","twitter_card":"summary_large_image","twitter_misc":{"Gesch\u00e4tzte Lesezeit":"1 Minute"},"schema":{"@context":"https:\/\/schema.org","@graph":[{"@type":"WebPage","@id":"https:\/\/nikita.company\/de\/impressum\/","url":"https:\/\/nikita.company\/de\/impressum\/","name":"Impressum - NIKITA &amp; COMPANY","isPartOf":{"@id":"https:\/\/nikita.company\/#website"},"datePublished":"2021-02-22T10:42:39+00:00","dateModified":"2021-05-08T19:00:45+00:00","breadcrumb":{"@id":"https:\/\/nikita.company\/de\/impressum\/#breadcrumb"},"inLanguage":"de-DE","potentialAction":[{"@type":"ReadAction","target":["https:\/\/nikita.company\/de\/impressum\/"]}]},{"@type":"BreadcrumbList","@id":"https:\/\/nikita.company\/de\/impressum\/#breadcrumb","itemListElement":[{"@type":"ListItem","position":1,"name":"Home","item":"https:\/\/nikita.company\/de\/"},{"@type":"ListItem","position":2,"name":"Impressum"}]},{"@type":"WebSite","@id":"https:\/\/nikita.company\/#website","url":"https:\/\/nikita.company\/","name":"NIKITA &amp; COMPANY","description":"Financial Planning Tool for Football Clubs","publisher":{"@id":"https:\/\/nikita.company\/#organization"},"potentialAction":[{"@type":"SearchAction","target":{"@type":"EntryPoint","urlTemplate":"https:\/\/nikita.company\/?s={search_term_string}"},"query-input":{"@type":"PropertyValueSpecification","valueRequired":true,"valueName":"search_term_string"}}],"inLanguage":"de-DE"},{"@type":"Organization","@id":"https:\/\/nikita.company\/#organization","name":"NIKITA &amp; COMPANY","url":"https:\/\/nikita.company\/","logo":{"@type":"ImageObject","inLanguage":"de-DE","@id":"https:\/\/nikita.company\/#\/schema\/logo\/image\/","url":"https:\/\/nikita.company\/wp-content\/uploads\/2021\/05\/NikitaCompany_Logo_480x80.jpg","contentUrl":"https:\/\/nikita.company\/wp-content\/uploads\/2021\/05\/NikitaCompany_Logo_480x80.jpg","width":480,"height":80,"caption":"NIKITA &amp; COMPANY"},"image":{"@id":"https:\/\/nikita.company\/#\/schema\/logo\/image\/"}}]}},"_links":{"self":[{"href":"https:\/\/nikita.company\/de\/wp-json\/wp\/v2\/pages\/561","targetHints":{"allow":["GET"]}}],"collection":[{"href":"https:\/\/nikita.company\/de\/wp-json\/wp\/v2\/pages"}],"about":[{"href":"https:\/\/nikita.company\/de\/wp-json\/wp\/v2\/types\/page"}],"author":[{"embeddable":true,"href":"https:\/\/nikita.company\/de\/wp-json\/wp\/v2\/users\/1"}],"replies":[{"embeddable":true,"href":"https:\/\/nikita.company\/de\/wp-json\/wp\/v2\/comments?post=561"}],"version-history":[{"count":6,"href":"https:\/\/nikita.company\/de\/wp-json\/wp\/v2\/pages\/561\/revisions"}],"predecessor-version":[{"id":958,"href":"https:\/\/nikita.company\/de\/wp-json\/wp\/v2\/pages\/561\/revisions\/958"}],"wp:attachment":[{"href":"https:\/\/nikita.company\/de\/wp-json\/wp\/v2\/media?parent=561"}],"curies":[{"name":"wp","href":"https:\/\/api.w.org\/{rel}","templated":true}]}}